{"id":25,"date":"2014-02-12T16:25:22","date_gmt":"2014-02-12T16:25:22","guid":{"rendered":"http:\/\/127.0.0.1\/modules\/wordpress380x140212102204\/?page_id=25"},"modified":"2025-03-07T19:25:04","modified_gmt":"2025-03-07T19:25:04","slug":"homapage01","status":"publish","type":"page","link":"https:\/\/www.prmota.pt\/","title":{"rendered":""},"content":{"rendered":"<div id=\"pl-25\"  class=\"panel-layout\" ><div id=\"pg-25-0\"  class=\"panel-grid panel-no-style\" ><div id=\"pgc-25-0-0\"  class=\"panel-grid-cell\" ><div id=\"panel-25-0-0-0\" class=\"so-panel widget widget_metaslider_widget panel-first-child panel-last-child\" data-index=\"0\" ><div id=\"metaslider-id-1542\" style=\"width: 100%;\" class=\"ml-slider-3-96-0 metaslider metaslider-flex metaslider-1542 ml-slider ms-theme-bitono has-dots-nav\" role=\"region\" aria-roledescription=\"Slideshow\" aria-label=\"Slideshow para Homepage\">\n    <div id=\"metaslider_container_1542\">\n        <div id=\"metaslider_1542\">\n            <ul class='slides'>\n                <li style=\"display: block; width: 100%;\" class=\"slide-1543 ms-image \" aria-roledescription=\"slide\" aria-label=\"slide-1543\" data-date=\"2025-03-06 20:07:01\"><img loading=\"lazy\" decoding=\"async\" src=\"https:\/\/www.prmota.pt\/wp-content\/uploads\/2025\/03\/IMG_0589_karen-1-700x300.webp\" height=\"300\" width=\"700\" alt=\"\" class=\"slider-1542 slide-1543\" title=\"IMG_0589_karen\" \/><\/li>\n                <li style=\"display: none; width: 100%;\" class=\"slide-1550 ms-image \" aria-roledescription=\"slide\" aria-label=\"slide-1550\" data-date=\"2025-03-06 20:54:08\"><img loading=\"lazy\" decoding=\"async\" src=\"https:\/\/www.prmota.pt\/wp-content\/uploads\/2025\/03\/seca-toalhas-rointe-700x300.png\" height=\"300\" width=\"700\" alt=\"\" class=\"slider-1542 slide-1550\" title=\"seca toalhas rointe\" \/><\/li>\n                <li style=\"display: none; width: 100%;\" class=\"slide-1551 ms-image \" aria-roledescription=\"slide\" aria-label=\"slide-1551\" data-date=\"2025-03-06 20:59:20\"><img loading=\"lazy\" decoding=\"async\" src=\"https:\/\/www.prmota.pt\/wp-content\/uploads\/2025\/03\/hq720-686x294.jpg\" height=\"300\" width=\"700\" alt=\"\" class=\"slider-1542 slide-1551\" title=\"hq720\" \/><\/li>\n                <li style=\"display: none; width: 100%;\" class=\"slide-1553 ms-image \" aria-roledescription=\"slide\" aria-label=\"slide-1553\" data-date=\"2025-03-06 21:01:28\"><img loading=\"lazy\" decoding=\"async\" src=\"https:\/\/www.prmota.pt\/wp-content\/uploads\/2025\/03\/Led-na-Marcenaria-1-Evelyn-Muller-700x300.jpg\" height=\"300\" width=\"700\" alt=\"\" class=\"slider-1542 slide-1553\" title=\"Led-na-Marcenaria-1-Evelyn-Muller\" \/><\/li>\n                <li style=\"display: none; width: 100%;\" class=\"slide-1554 ms-image \" aria-roledescription=\"slide\" aria-label=\"slide-1554\" data-date=\"2025-03-06 21:03:28\"><img loading=\"lazy\" decoding=\"async\" src=\"https:\/\/www.prmota.pt\/wp-content\/uploads\/2025\/02\/plx-came-e1741295076709-337x144.png\" height=\"300\" width=\"700\" alt=\"\" class=\"slider-1542 slide-1554\" title=\"plx came\" \/><\/li>\n                <li style=\"display: none; width: 100%;\" class=\"slide-1572 ms-image \" aria-roledescription=\"slide\" aria-label=\"slide-1572\" data-date=\"2025-03-07 19:35:02\"><img loading=\"lazy\" decoding=\"async\" src=\"https:\/\/www.prmota.pt\/wp-content\/uploads\/2025\/03\/poupanca-energetica-com-sistemas-de-ventilacao-controlada-casas-passivas-93b5af3d-700x300.png\" height=\"300\" width=\"700\" alt=\"\" class=\"slider-1542 slide-1572\" title=\"poupanca-energetica-com-sistemas-de-ventilacao-controlada-casas-passivas-93b5af3d\" \/><\/li>\n                <li style=\"display: none; width: 100%;\" class=\"slide-1623 ms-image \" aria-roledescription=\"slide\" aria-label=\"slide-1623\" data-date=\"2025-04-06 12:59:41\"><img loading=\"lazy\" decoding=\"async\" src=\"https:\/\/www.prmota.pt\/wp-content\/uploads\/2025\/04\/Imagem-WhatsApp-2025-03-27-as-20.08.35_497b1f4b-scaled-700x300.jpg\" height=\"300\" width=\"700\" alt=\"\" class=\"slider-1542 slide-1623\" title=\"Imagem WhatsApp 2025-03-27 \u00e0s 20.08.35_497b1f4b\" \/><\/li>\n                <li style=\"display: none; width: 100%;\" class=\"slide-1625 ms-image \" aria-roledescription=\"slide\" aria-label=\"slide-1625\" data-date=\"2025-04-06 13:01:16\"><img loading=\"lazy\" decoding=\"async\" src=\"https:\/\/www.prmota.pt\/wp-content\/uploads\/2025\/04\/Imagem-WhatsApp-2025-03-27-as-20.08.35_3b87f244-scaled-700x300.jpg\" height=\"300\" width=\"700\" alt=\"\" class=\"slider-1542 slide-1625\" title=\"Imagem WhatsApp 2025-03-27 \u00e0s 20.08.35_3b87f244\" \/><\/li>\n                <li style=\"display: none; width: 100%;\" class=\"slide-1626 ms-image \" aria-roledescription=\"slide\" aria-label=\"slide-1626\" data-date=\"2025-04-06 13:01:34\"><img loading=\"lazy\" decoding=\"async\" src=\"https:\/\/www.prmota.pt\/wp-content\/uploads\/2025\/04\/Imagem-WhatsApp-2025-03-27-as-20.08.35_a474d0d0-1-scaled-700x300.jpg\" height=\"300\" width=\"700\" alt=\"\" class=\"slider-1542 slide-1626\" title=\"Imagem WhatsApp 2025-03-27 \u00e0s 20.08.35_a474d0d0\" \/><\/li>\n            <\/ul>\n        <\/div>\n        \n    <\/div>\n<\/div><\/div><\/div><\/div><div id=\"pg-25-1\"  class=\"panel-grid panel-no-style\" ><div id=\"pgc-25-1-0\"  class=\"panel-grid-cell\" ><div id=\"panel-25-1-0-0\" class=\"so-panel widget widget_sow-editor panel-first-child\" data-index=\"1\" ><div\n\t\t\t\n\t\t\tclass=\"so-widget-sow-editor so-widget-sow-editor-base\"\n\t\t\t\n\t\t>\n<div class=\"siteorigin-widget-tinymce textwidget\">\n\t<p><a href=\"https:\/\/www.prmota.pt\/wp-content\/uploads\/2025\/03\/2xg-1.jpg\"><img loading=\"lazy\" decoding=\"async\" class=\"alignnone size-medium wp-image-1521\" src=\"https:\/\/www.prmota.pt\/wp-content\/uploads\/2025\/03\/2xg-1-300x300.jpg\" alt=\"\" width=\"300\" height=\"300\" srcset=\"https:\/\/www.prmota.pt\/wp-content\/uploads\/2025\/03\/2xg-1-300x300.jpg 300w, https:\/\/www.prmota.pt\/wp-content\/uploads\/2025\/03\/2xg-1-150x150.jpg 150w, https:\/\/www.prmota.pt\/wp-content\/uploads\/2025\/03\/2xg-1.jpg 500w\" sizes=\"auto, (max-width: 300px) 100vw, 300px\" \/><\/a><\/p>\n<\/div>\n<\/div><\/div><div id=\"panel-25-1-0-1\" class=\"so-panel widget widget_sow-editor panel-last-child\" data-index=\"2\" ><div\n\t\t\t\n\t\t\tclass=\"so-widget-sow-editor so-widget-sow-editor-base\"\n\t\t\t\n\t\t>\n<div class=\"siteorigin-widget-tinymce textwidget\">\n\t<p><a href=\"https:\/\/www.prmota.pt\/wp-content\/uploads\/2025\/02\/calor-natural_4.jpg\"><img loading=\"lazy\" decoding=\"async\" class=\"alignnone size-medium wp-image-1413\" src=\"https:\/\/www.prmota.pt\/wp-content\/uploads\/2025\/02\/calor-natural_4-300x294.jpg\" alt=\"\" width=\"300\" height=\"294\" srcset=\"https:\/\/www.prmota.pt\/wp-content\/uploads\/2025\/02\/calor-natural_4-300x294.jpg 300w, https:\/\/www.prmota.pt\/wp-content\/uploads\/2025\/02\/calor-natural_4.jpg 626w\" sizes=\"auto, (max-width: 300px) 100vw, 300px\" \/><\/a><a href=\"https:\/\/www.prmota.pt\/wp-content\/uploads\/2025\/03\/hq720.jpg\"><img loading=\"lazy\" decoding=\"async\" class=\"alignnone  wp-image-1483\" src=\"https:\/\/www.prmota.pt\/wp-content\/uploads\/2025\/03\/hq720-300x169.jpg\" alt=\"\" width=\"302\" height=\"170\" srcset=\"https:\/\/www.prmota.pt\/wp-content\/uploads\/2025\/03\/hq720-300x169.jpg 300w, https:\/\/www.prmota.pt\/wp-content\/uploads\/2025\/03\/hq720.jpg 686w\" sizes=\"auto, (max-width: 302px) 100vw, 302px\" \/><\/a><\/p>\n<\/div>\n<\/div><\/div><\/div><div id=\"pgc-25-1-1\"  class=\"panel-grid-cell\" ><div id=\"panel-25-1-1-0\" class=\"so-panel widget widget_text panel-first-child panel-last-child\" data-index=\"3\" >\t\t\t<div class=\"textwidget\"><p><b>PAULO RENATO PEREIRA MOTA, Lda.<\/b><br \/>\n\u00c9 uma empresa criada e especializada na \u00e1rea da eletricidade a pensar em si e nos seus, com credibilidade no mercado.<\/p>\n<p>Com sede na <b>Ericeira (Concelho de Mafra)<\/b>, esta empresa move-se em algumas vertentes na \u00e1rea da constru\u00e7\u00e3o, ind\u00fastria, condom\u00ednios e particulares. Atuamos no ramo da eletricidade h\u00e1 <b>29anos<\/b> a esta parte, respeitando sempre os regulamentos e normas de seguran\u00e7a el\u00e9trica em vigor. Mais recentemente alargamos o nosso campo de conhecimento que abrange neste momento Instala\u00e7\u00f5es de, WALLBOX ,VMC, Aquecimento  El\u00e9trico de baixo Consumo ROINTE, Aspira\u00e7\u00e3o Central, temos <b>AQS<\/b>com Bombas de Calor e termoacumuladores, executamos instala\u00e7\u00f5es <b>ITED<\/b> .<b>Fazemos instala\u00e7\u00f5es em led \u00e1 sua medida  <\/b><br \/>\nPrecisa de aquecer a sua casa temos v\u00e1rios<b> sistemas de aquecimento<\/b> ao seu dispor, consulte-nos.<\/p>\n<p>Como temos evoluindo no sentido de responder \u00e0s suas necessidades, estamos prevenidos, temos \u00e1 sua espera, um t\u00e9cnico ou uma equipa de t\u00e9cnicos \u00e1 sua espera, respondemos rapidamente ao seu pedido, al\u00e9m de cumprirmos sempre os regulamentos de seguran\u00e7a em vigor, tamb\u00e9m somos reconhecidos pela apresenta\u00e7\u00e3o das nossas instala\u00e7\u00f5es el\u00e9tricas e outras efetuadas.<\/p>\n<p>Temos profissionais competentes e respons\u00e1veis.<\/p>\n<p>\nTentamos sempre que poss\u00edvel ser r\u00e1pidos a responder aos problemas.<\/p>\n<p>\nTemos para si profissionais nestas \u00e1reas,<\/p>\n<p><h4><b>\u201cInstalamos Conforto e Qualidade de Vida!\u201d.<\/b><\/h4>\n<h4><b> \u201cN\u00e3o Brinque, Respeite a Eletricidade!\u201d.<\/b><\/h4>\n<\/div>\n\t\t<\/div><\/div><\/div><div id=\"pg-25-2\"  class=\"panel-grid panel-no-style\" ><div id=\"pgc-25-2-0\"  class=\"panel-grid-cell\" ><div id=\"panel-25-2-0-0\" class=\"so-panel widget widget_text panel-first-child panel-last-child\" data-index=\"4\" >\t\t\t<div class=\"textwidget\"><hr>\n<\/div>\n\t\t<\/div><\/div><\/div><div id=\"pg-25-3\"  class=\"panel-grid panel-no-style\" ><div id=\"pgc-25-3-0\"  class=\"panel-grid-cell\" ><div id=\"panel-25-3-0-0\" class=\"so-panel widget widget_text panel-first-child panel-last-child\" data-index=\"5\" ><h3 class=\"widget-title\">WALLBOX (visite em servi\u00e7os)<\/h3>\t\t\t<div class=\"textwidget\"><p><a href=\"https:\/\/www.prmota.pt\/wp-content\/uploads\/2025\/03\/DIF-CDH-AHGERt_1.jpg\"><img loading=\"lazy\" decoding=\"async\" class=\"alignnone size-medium wp-image-1470\" src=\"https:\/\/www.prmota.pt\/wp-content\/uploads\/2025\/03\/DIF-CDH-AHGERt_1-300x239.jpg\" alt=\"\" width=\"300\" height=\"239\" srcset=\"https:\/\/www.prmota.pt\/wp-content\/uploads\/2025\/03\/DIF-CDH-AHGERt_1-300x239.jpg 300w, https:\/\/www.prmota.pt\/wp-content\/uploads\/2025\/03\/DIF-CDH-AHGERt_1.jpg 543w\" sizes=\"auto, (max-width: 300px) 100vw, 300px\" \/><\/a><a href=\"https:\/\/www.prmota.pt\/wp-content\/uploads\/2025\/02\/HAGER-WITTY-ONE_1.jpg\"><img loading=\"lazy\" decoding=\"async\" class=\"alignnone size-medium wp-image-1402\" src=\"https:\/\/www.prmota.pt\/wp-content\/uploads\/2025\/02\/HAGER-WITTY-ONE_1-241x300.jpg\" alt=\"\" width=\"241\" height=\"300\" srcset=\"https:\/\/www.prmota.pt\/wp-content\/uploads\/2025\/02\/HAGER-WITTY-ONE_1-241x300.jpg 241w, https:\/\/www.prmota.pt\/wp-content\/uploads\/2025\/02\/HAGER-WITTY-ONE_1.jpg 369w\" sizes=\"auto, (max-width: 241px) 100vw, 241px\" \/><\/a><\/p>\n<\/div>\n\t\t<\/div><\/div><div id=\"pgc-25-3-1\"  class=\"panel-grid-cell\" ><div id=\"panel-25-3-1-0\" class=\"so-panel widget widget_text panel-first-child\" data-index=\"6\" ><h3 class=\"widget-title\">VIDEO \/ AUDIO PORTEIROS<\/h3>\t\t\t<div class=\"textwidget\"><p>Trabalhamos essencialmente com v\u00eddeo porteiros da marca CAME\/BPT , no entanto tamb\u00e9m damos assist\u00eancia a outras<\/p>\n<p>marcas com o (TEGUI \/ FERMAX \/ VIDEX)<\/p>\n<p><a href=\"https:\/\/www.prmota.pt\/wp-content\/uploads\/2025\/02\/plx-came.png\"><img loading=\"lazy\" decoding=\"async\" class=\"alignnone size-medium wp-image-1406\" src=\"https:\/\/www.prmota.pt\/wp-content\/uploads\/2025\/02\/plx-came-194x300.png\" alt=\"\" width=\"194\" height=\"300\" \/><\/a><a href=\"https:\/\/www.prmota.pt\/wp-content\/uploads\/2025\/02\/AGT-VIDEO_1.jpg\"><img loading=\"lazy\" decoding=\"async\" class=\"alignnone  wp-image-1407\" src=\"https:\/\/www.prmota.pt\/wp-content\/uploads\/2025\/02\/AGT-VIDEO_1-300x269.jpg\" alt=\"\" width=\"259\" height=\"232\" srcset=\"https:\/\/www.prmota.pt\/wp-content\/uploads\/2025\/02\/AGT-VIDEO_1-300x269.jpg 300w, https:\/\/www.prmota.pt\/wp-content\/uploads\/2025\/02\/AGT-VIDEO_1.jpg 544w\" sizes=\"auto, (max-width: 259px) 100vw, 259px\" \/><\/a><a href=\"https:\/\/www.prmota.pt\/wp-content\/uploads\/2025\/02\/Imagem-WhatsApp-2025-02-16-as-10.37.01_f1ecb0c6.jpg\"><img loading=\"lazy\" decoding=\"async\" class=\"alignnone  wp-image-1408\" src=\"https:\/\/www.prmota.pt\/wp-content\/uploads\/2025\/02\/Imagem-WhatsApp-2025-02-16-as-10.37.01_f1ecb0c6-300x225.jpg\" alt=\"\" width=\"247\" height=\"185\" \/><\/a><\/p>\n<\/div>\n\t\t<\/div><div id=\"panel-25-3-1-1\" class=\"so-panel widget widget_text\" data-index=\"7\" >\t\t\t<div class=\"textwidget\"><\/div>\n\t\t<\/div><div id=\"panel-25-3-1-2\" class=\"so-panel widget widget_sow-editor panel-last-child\" data-index=\"8\" ><div\n\t\t\t\n\t\t\tclass=\"so-widget-sow-editor so-widget-sow-editor-base\"\n\t\t\t\n\t\t>\n<div class=\"siteorigin-widget-tinymce textwidget\">\n\t<\/div>\n<\/div><\/div><\/div><div id=\"pgc-25-3-2\"  class=\"panel-grid-cell\" ><div id=\"panel-25-3-2-0\" class=\"so-panel widget widget_text panel-first-child\" data-index=\"9\" ><h3 class=\"widget-title\">BOMBAS DE CALOR (AQS) E OUTRAS<\/h3>\t\t\t<div class=\"textwidget\"><p>As bombas de calor como s\u00e3o de baixo consumo , muitas das vezes \u00e9 prefer\u00edvel ter um a bomba de calor a energia solar , isto porque o seu baixo consumo assim o permite<a href=\"https:\/\/www.prmota.pt\/wp-content\/uploads\/2022\/06\/2021-02-26-13.54.52-rotated.jpg\"><img loading=\"lazy\" decoding=\"async\" class=\"alignnone size-medium wp-image-1347\" src=\"https:\/\/www.prmota.pt\/wp-content\/uploads\/2022\/06\/2021-02-26-13.54.52-225x300.jpg\" alt=\"bomba de calor\" width=\"225\" height=\"300\" srcset=\"https:\/\/www.prmota.pt\/wp-content\/uploads\/2022\/06\/2021-02-26-13.54.52-225x300.jpg 225w, https:\/\/www.prmota.pt\/wp-content\/uploads\/2022\/06\/2021-02-26-13.54.52-rotated.jpg 443w\" sizes=\"auto, (max-width: 225px) 100vw, 225px\" \/><\/a> <a href=\"https:\/\/www.prmota.pt\/wp-content\/uploads\/2025\/02\/bomba-de-calor-ar-agua-monofasica-de-agua-quente-com-deposito-de-agua-quente-esmaltado-incorporado-272-lbomba-de-calor-immerwater-300s-v5-84828c14-2d1c-4437-bd1d-8.webp\"><img loading=\"lazy\" decoding=\"async\" class=\"alignnone size-medium wp-image-1415\" src=\"https:\/\/www.prmota.pt\/wp-content\/uploads\/2025\/02\/bomba-de-calor-ar-agua-monofasica-de-agua-quente-com-deposito-de-agua-quente-esmaltado-incorporado-272-lbomba-de-calor-immerwater-300s-v5-84828c14-2d1c-4437-bd1d-8-300x300.webp\" alt=\"\" width=\"300\" height=\"300\" srcset=\"https:\/\/www.prmota.pt\/wp-content\/uploads\/2025\/02\/bomba-de-calor-ar-agua-monofasica-de-agua-quente-com-deposito-de-agua-quente-esmaltado-incorporado-272-lbomba-de-calor-immerwater-300s-v5-84828c14-2d1c-4437-bd1d-8-300x300.webp 300w, https:\/\/www.prmota.pt\/wp-content\/uploads\/2025\/02\/bomba-de-calor-ar-agua-monofasica-de-agua-quente-com-deposito-de-agua-quente-esmaltado-incorporado-272-lbomba-de-calor-immerwater-300s-v5-84828c14-2d1c-4437-bd1d-8-150x150.webp 150w, https:\/\/www.prmota.pt\/wp-content\/uploads\/2025\/02\/bomba-de-calor-ar-agua-monofasica-de-agua-quente-com-deposito-de-agua-quente-esmaltado-incorporado-272-lbomba-de-calor-immerwater-300s-v5-84828c14-2d1c-4437-bd1d-8-768x768.webp 768w, https:\/\/www.prmota.pt\/wp-content\/uploads\/2025\/02\/bomba-de-calor-ar-agua-monofasica-de-agua-quente-com-deposito-de-agua-quente-esmaltado-incorporado-272-lbomba-de-calor-immerwater-300s-v5-84828c14-2d1c-4437-bd1d-8.webp 1000w\" sizes=\"auto, (max-width: 300px) 100vw, 300px\" \/><\/a><\/p>\n<\/div>\n\t\t<\/div><div id=\"panel-25-3-2-1\" class=\"so-panel widget widget_text panel-last-child\" data-index=\"10\" >\t\t\t<div class=\"textwidget\"><\/div>\n\t\t<\/div><\/div><\/div><div id=\"pg-25-4\"  class=\"panel-grid panel-no-style\" ><div id=\"pgc-25-4-0\"  class=\"panel-grid-cell panel-grid-cell-empty panel-grid-cell-mobile-last\" ><\/div><div id=\"pgc-25-4-1\"  class=\"panel-grid-cell panel-grid-cell-empty\" ><\/div><\/div><\/div>","protected":false},"excerpt":{"rendered":"<p>PAULO RENATO PEREIRA MOTA, Lda. \u00c9 uma empresa criada e especializada na \u00e1rea da eletricidade a pensar em si e nos seus, com credibilidade no mercado. Com sede na Ericeira (Concelho de Mafra), esta empresa move-se em algumas vertentes na \u00e1rea da constru\u00e7\u00e3o, ind\u00fastria, condom\u00ednios e particulares. Atuamos no ramo da eletricidade h\u00e1 29anos a<\/p>\n","protected":false},"author":1,"featured_media":0,"parent":0,"menu_order":0,"comment_status":"open","ping_status":"open","template":"page-template-full.php","meta":{"_monsterinsights_skip_tracking":false,"_monsterinsights_sitenote_active":false,"_monsterinsights_sitenote_note":"","_monsterinsights_sitenote_category":0,"footnotes":""},"class_list":["post-25","page","type-page","status-publish","hentry"],"_links":{"self":[{"href":"https:\/\/www.prmota.pt\/index.php?rest_route=\/wp\/v2\/pages\/25","targetHints":{"allow":["GET"]}}],"collection":[{"href":"https:\/\/www.prmota.pt\/index.php?rest_route=\/wp\/v2\/pages"}],"about":[{"href":"https:\/\/www.prmota.pt\/index.php?rest_route=\/wp\/v2\/types\/page"}],"author":[{"embeddable":true,"href":"https:\/\/www.prmota.pt\/index.php?rest_route=\/wp\/v2\/users\/1"}],"replies":[{"embeddable":true,"href":"https:\/\/www.prmota.pt\/index.php?rest_route=%2Fwp%2Fv2%2Fcomments&post=25"}],"version-history":[{"count":140,"href":"https:\/\/www.prmota.pt\/index.php?rest_route=\/wp\/v2\/pages\/25\/revisions"}],"predecessor-version":[{"id":1571,"href":"https:\/\/www.prmota.pt\/index.php?rest_route=\/wp\/v2\/pages\/25\/revisions\/1571"}],"wp:attachment":[{"href":"https:\/\/www.prmota.pt\/index.php?rest_route=%2Fwp%2Fv2%2Fmedia&parent=25"}],"curies":[{"name":"wp","href":"https:\/\/api.w.org\/{rel}","templated":true}]}}